{"id":78,"date":"2017-12-12T11:24:21","date_gmt":"2017-12-12T15:24:21","guid":{"rendered":"http:\/\/ayuntamiento.guineo\/transparencia\/?page_id=78"},"modified":"2021-11-03T10:15:24","modified_gmt":"2021-11-03T14:15:24","slug":"definicion-oaim-oficina-de-acceso-a-la-informacion-municipal","status":"publish","type":"page","link":"https:\/\/ayuntamientoguayacanes.gob.do\/transparencia\/definicion-oaim-oficina-de-acceso-a-la-informacion-municipal\/","title":{"rendered":"Definici\u00f3n OAIM (Oficina de Acceso a la Informaci\u00f3n Municipal)"},"content":{"rendered":"<p><span style=\"font-size: 14pt\">La Oficina de Acceso a la Informaci\u00f3n Municipal (OAIM), es un mandato de la Ley General de Libre Acceso a la Informaci\u00f3n P\u00fablica Ley 200-04 y el Decreto No. 130-05 que crea el reglamento de dicha ley. As\u00ed tambi\u00e9n de la ley del Distrito Nacional y los Municipios No.176-07 cuando instituye que los Ayuntamientos establecer\u00e1n una Oficina de Acceso a la Informaci\u00f3n Municipal (OAIM) a trav\u00e9s de la que canalizar\u00e1n toda la actividad relacionada con la publicidad de sus actuaciones y resoluciones o cualquiera otra informaci\u00f3n que obre en su poder, a fin de atender las peticiones que le dirijan los ciudadanos en el ejercicio de su derecho al libre acceso a la informaci\u00f3n publica. Con el objetivo de apoyar a entidades y personas tanto p\u00fablicas como privadas mediante las informaciones solicitadas.<\/span><\/p>\n<p><strong><span style=\"font-size: 14pt\">Definici\u00f3n RAI<\/span><\/strong><\/p>\n<p><span style=\"font-size: 14pt\">El representante de Acceso a la Informaci\u00f3n Municipal, es el responsable de tramitar y facilitar las informaciones requeridas y de ser el canal de comunicaci\u00f3n entre el Ayuntamiento, ciudadanos y ciudadanas.<\/span><\/p>\n<p>&nbsp;<\/p>\n<p><strong><span style=\"font-size: 14pt\">Proceso de Solicitud de Informaci\u00f3n:<\/span><\/strong><\/p>\n<ul>\n<li><span style=\"font-size: 14pt\">Completar el formulario de solicitud de informaci\u00f3n.<\/span><\/li>\n<li><span style=\"font-size: 14pt\">Se procede a la revisi\u00f3n de dicho documento con la finalidad de verificar que est\u00e1 debidamente completada(o).<\/span><\/li>\n<li><span style=\"font-size: 14pt\">Se hace entrega de acuse de recibo al solicitante.<\/span><\/li>\n<li><span style=\"font-size: 14pt\">Seg\u00fan la complejidad de la informaci\u00f3n, se asigna una fecha de entrega.<\/span><\/li>\n<li><span style=\"font-size: 14pt\">En caso de no ser el ayuntamiento la entidad competente para ofrecer la informaci\u00f3n requerida, dicha solicitud se refiere a la instituci\u00f3n correspondiente y se le informa al solicitante, el curso que ha tomado su solicitud y la instituci\u00f3n destinataria.<\/span><\/li>\n<li><span style=\"font-size: 14pt\">Seguimiento de la(s) solicitud(es) hasta confirmar que se ha suministrado la informaci\u00f3n.<\/span><\/li>\n<\/ul>\n","protected":false},"excerpt":{"rendered":"La Oficina de Acceso a la Informaci\u00f3n Municipal (OAIM), es un mandato de la Ley General de Libre Acceso a la Informaci\u00f3n P\u00fablica Ley 200-04 y el Decreto No. 130-05 que crea el reglamento de dicha ley. As\u00ed tambi\u00e9n de la ley del Distrito Nacional y los Municipios No.176-07 cuando instituye que los Ayuntamientos establecer\u00e1n&#8230;","protected":false},"author":3,"featured_media":0,"parent":0,"menu_order":0,"comment_status":"closed","ping_status":"closed","template":"","meta":[],"acf":[],"_links":{"self":[{"href":"https:\/\/ayuntamientoguayacanes.gob.do\/transparencia\/wp-json\/wp\/v2\/pages\/78"}],"collection":[{"href":"https:\/\/ayuntamientoguayacanes.gob.do\/transparencia\/wp-json\/wp\/v2\/pages"}],"about":[{"href":"https:\/\/ayuntamientoguayacanes.gob.do\/transparencia\/wp-json\/wp\/v2\/types\/page"}],"author":[{"embeddable":true,"href":"https:\/\/ayuntamientoguayacanes.gob.do\/transparencia\/wp-json\/wp\/v2\/users\/3"}],"replies":[{"embeddable":true,"href":"https:\/\/ayuntamientoguayacanes.gob.do\/transparencia\/wp-json\/wp\/v2\/comments?post=78"}],"version-history":[{"count":4,"href":"https:\/\/ayuntamientoguayacanes.gob.do\/transparencia\/wp-json\/wp\/v2\/pages\/78\/revisions"}],"predecessor-version":[{"id":388,"href":"https:\/\/ayuntamientoguayacanes.gob.do\/transparencia\/wp-json\/wp\/v2\/pages\/78\/revisions\/388"}],"wp:attachment":[{"href":"https:\/\/ayuntamientoguayacanes.gob.do\/transparencia\/wp-json\/wp\/v2\/media?parent=78"}],"curies":[{"name":"wp","href":"https:\/\/api.w.org\/{rel}","templated":true}]}}