{"id":258,"date":"2018-01-22T10:17:40","date_gmt":"2018-01-22T14:17:40","guid":{"rendered":"http:\/\/ayuntamiento.o\/transparencia\/?page_id=258"},"modified":"2025-08-01T13:04:10","modified_gmt":"2025-08-01T17:04:10","slug":"responsable-de-acceso-a-la-informacion","status":"publish","type":"page","link":"https:\/\/ayuntamientoguayacanes.gob.do\/transparencia\/responsable-de-acceso-a-la-informacion\/","title":{"rendered":"Responsable de Acceso a la Informaci\u00f3n"},"content":{"rendered":"<h3><span style=\"font-size: 14pt\"><strong>Contacto Responsable de Acceso a la Informaci\u00f3n<\/strong><\/span><\/h3>\n<p><span style=\"font-size: 14pt\">Shoghi Martinez Coca<\/span><br \/>\n<span style=\"font-size: 14pt\"><strong>Responsable de Acceso a la Informacion (RAI)<\/strong><\/span><br \/>\n<span style=\"font-size: 14pt\">Tel\u00e9fono: 809-526-1100<\/span><br \/>\n<span style=\"font-size: 14pt\">Extensi\u00f3n: 110<\/span><br \/>\n<span style=\"font-size: 14pt\">Correo electr\u00f3nico: ayuntamientoguayacanes.OAI@hotmail.com<\/span><\/p>\n","protected":false},"excerpt":{"rendered":"Contacto Responsable de Acceso a la Informaci\u00f3n Shoghi Martinez Coca Responsable de Acceso a la Informacion (RAI) Tel\u00e9fono: 809-526-1100 Extensi\u00f3n: 110 Correo electr\u00f3nico: ayuntamientoguayacanes.OAI@hotmail.com","protected":false},"author":3,"featured_media":0,"parent":0,"menu_order":0,"comment_status":"closed","ping_status":"closed","template":"","meta":[],"acf":[],"_links":{"self":[{"href":"https:\/\/ayuntamientoguayacanes.gob.do\/transparencia\/wp-json\/wp\/v2\/pages\/258"}],"collection":[{"href":"https:\/\/ayuntamientoguayacanes.gob.do\/transparencia\/wp-json\/wp\/v2\/pages"}],"about":[{"href":"https:\/\/ayuntamientoguayacanes.gob.do\/transparencia\/wp-json\/wp\/v2\/types\/page"}],"author":[{"embeddable":true,"href":"https:\/\/ayuntamientoguayacanes.gob.do\/transparencia\/wp-json\/wp\/v2\/users\/3"}],"replies":[{"embeddable":true,"href":"https:\/\/ayuntamientoguayacanes.gob.do\/transparencia\/wp-json\/wp\/v2\/comments?post=258"}],"version-history":[{"count":5,"href":"https:\/\/ayuntamientoguayacanes.gob.do\/transparencia\/wp-json\/wp\/v2\/pages\/258\/revisions"}],"predecessor-version":[{"id":1635,"href":"https:\/\/ayuntamientoguayacanes.gob.do\/transparencia\/wp-json\/wp\/v2\/pages\/258\/revisions\/1635"}],"wp:attachment":[{"href":"https:\/\/ayuntamientoguayacanes.gob.do\/transparencia\/wp-json\/wp\/v2\/media?parent=258"}],"curies":[{"name":"wp","href":"https:\/\/api.w.org\/{rel}","templated":true}]}}